{"id":333,"date":"2025-10-03T09:38:23","date_gmt":"2025-10-03T09:38:23","guid":{"rendered":"https:\/\/myriamblouet.com\/?page_id=333"},"modified":"2026-03-10T14:12:42","modified_gmt":"2026-03-10T14:12:42","slug":"mon-offre-daf-externalise","status":"publish","type":"page","link":"https:\/\/myriamblouet.com\/index.php\/mon-offre-daf-externalise\/","title":{"rendered":"Mon offre"},"content":{"rendered":"\t\t<div data-elementor-type=\"wp-page\" data-elementor-id=\"333\" class=\"elementor elementor-333\" data-elementor-post-type=\"page\">\n\t\t\t\t<div class=\"elementor-element elementor-element-63587da e-flex e-con-boxed e-con e-parent\" data-id=\"63587da\" data-element_type=\"container\">\n\t\t\t\t\t<div class=\"e-con-inner\">\n\t\t\t\t<div class=\"elementor-element elementor-element-f9a7dcf elementor-widget elementor-widget-heading\" data-id=\"f9a7dcf\" data-element_type=\"widget\" data-widget_type=\"heading.default\">\n\t\t\t\t\t<h1 class=\"elementor-heading-title elementor-size-default\">Offre<\/h1>\t\t\t\t<\/div>\n\t\t\t\t\t<\/div>\n\t\t\t\t<\/div>\n\t\t<div class=\"elementor-element elementor-element-fcf0d17 e-flex e-con-boxed e-con e-parent\" data-id=\"fcf0d17\" data-element_type=\"container\">\n\t\t\t\t\t<div class=\"e-con-inner\">\n\t\t\t\t<div class=\"elementor-element elementor-element-da16265 elementor-widget elementor-widget-image\" data-id=\"da16265\" data-element_type=\"widget\" data-widget_type=\"image.default\">\n\t\t\t\t\t\t\t\t\t\t\t\t\t\t\t<img fetchpriority=\"high\" decoding=\"async\" width=\"768\" height=\"512\" src=\"https:\/\/myriamblouet.com\/wp-content\/uploads\/2026\/02\/Plaquette-DAF-Myriam-Blouet-768x512.jpg\" class=\"attachment-medium_large size-medium_large wp-image-585\" alt=\"\" srcset=\"https:\/\/myriamblouet.com\/wp-content\/uploads\/2026\/02\/Plaquette-DAF-Myriam-Blouet-768x512.jpg 768w, https:\/\/myriamblouet.com\/wp-content\/uploads\/2026\/02\/Plaquette-DAF-Myriam-Blouet-300x200.jpg 300w, https:\/\/myriamblouet.com\/wp-content\/uploads\/2026\/02\/Plaquette-DAF-Myriam-Blouet-1024x682.jpg 1024w, https:\/\/myriamblouet.com\/wp-content\/uploads\/2026\/02\/Plaquette-DAF-Myriam-Blouet.jpg 1223w\" sizes=\"(max-width: 768px) 100vw, 768px\" \/>\t\t\t\t\t\t\t\t\t\t\t\t\t\t\t<\/div>\n\t\t\t\t\t<\/div>\n\t\t\t\t<\/div>\n\t\t<div class=\"elementor-element elementor-element-d4932e4 e-flex e-con-boxed e-con e-parent\" data-id=\"d4932e4\" data-element_type=\"container\">\n\t\t\t\t\t<div class=\"e-con-inner\">\n\t\t\t\t<div class=\"elementor-element elementor-element-f0ad1c9 elementor-widget elementor-widget-spacer\" data-id=\"f0ad1c9\" data-element_type=\"widget\" data-widget_type=\"spacer.default\">\n\t\t\t\t\t\t\t<div class=\"elementor-spacer\">\n\t\t\t<div class=\"elementor-spacer-inner\"><\/div>\n\t\t<\/div>\n\t\t\t\t\t\t<\/div>\n\t\t\t\t<div class=\"elementor-element elementor-element-ec97e82 elementor-widget elementor-widget-heading\" data-id=\"ec97e82\" data-element_type=\"widget\" data-widget_type=\"heading.default\">\n\t\t\t\t\t<h2 class=\"elementor-heading-title elementor-size-default\">Comment allons-nous proc\u00e9der ?<\/h2>\t\t\t\t<\/div>\n\t\t\t\t<div class=\"elementor-element elementor-element-4142d06 elementor-widget elementor-widget-spacer\" data-id=\"4142d06\" data-element_type=\"widget\" data-widget_type=\"spacer.default\">\n\t\t\t\t\t\t\t<div class=\"elementor-spacer\">\n\t\t\t<div class=\"elementor-spacer-inner\"><\/div>\n\t\t<\/div>\n\t\t\t\t\t\t<\/div>\n\t\t\t\t<div class=\"elementor-element elementor-element-aac9010 elementor-widget elementor-widget-heading\" data-id=\"aac9010\" data-element_type=\"widget\" data-widget_type=\"heading.default\">\n\t\t\t\t\t<h2 class=\"elementor-heading-title elementor-size-default\">1. Diagnostic - offert<\/h2>\t\t\t\t<\/div>\n\t\t\t\t<div class=\"elementor-element elementor-element-bb58cdc elementor-widget elementor-widget-text-editor\" data-id=\"bb58cdc\" data-element_type=\"widget\" data-widget_type=\"text-editor.default\">\n\t\t\t\t\t\t\t\t\t<p>Objectif : optimiser mon intervention par rapport \u00e0 vos objectifs<\/p>\t\t\t\t\t\t\t\t<\/div>\n\t\t\t\t<div class=\"elementor-element elementor-element-856fcc8 elementor-widget elementor-widget-text-editor\" data-id=\"856fcc8\" data-element_type=\"widget\" data-widget_type=\"text-editor.default\">\n\t\t\t\t\t\t\t\t\t<p>Moyens : clarifier vos besoins<\/p>\t\t\t\t\t\t\t\t<\/div>\n\t\t\t\t\t<\/div>\n\t\t\t\t<\/div>\n\t\t<div class=\"elementor-element elementor-element-c424bbd e-flex e-con-boxed e-con e-parent\" data-id=\"c424bbd\" data-element_type=\"container\">\n\t\t\t\t\t<div class=\"e-con-inner\">\n\t\t\t\t<div class=\"elementor-element elementor-element-82501f8 elementor-widget elementor-widget-heading\" data-id=\"82501f8\" data-element_type=\"widget\" data-widget_type=\"heading.default\">\n\t\t\t\t\t<h2 class=\"elementor-heading-title elementor-size-default\">2. Mise en place<\/h2>\t\t\t\t<\/div>\n\t\t\t\t<div class=\"elementor-element elementor-element-1da0ecb elementor-widget elementor-widget-text-editor\" data-id=\"1da0ecb\" data-element_type=\"widget\" data-widget_type=\"text-editor.default\">\n\t\t\t\t\t\t\t\t\t<p>Objectif : mise en place des outils, d\u00e9finition des indicateurs et KPI&rsquo;s<\/p>\t\t\t\t\t\t\t\t<\/div>\n\t\t\t\t<div class=\"elementor-element elementor-element-dfef548 elementor-widget elementor-widget-text-editor\" data-id=\"dfef548\" data-element_type=\"widget\" data-widget_type=\"text-editor.default\">\n\t\t\t\t\t\t\t\t\t<p>Moyens : param\u00e9trages logiciels, cr\u00e9ation des tableaux de bord, analyse comptabilit\u00e9 N et N-1<\/p>\t\t\t\t\t\t\t\t<\/div>\n\t\t\t\t\t<\/div>\n\t\t\t\t<\/div>\n\t\t<div class=\"elementor-element elementor-element-b42f843 e-flex e-con-boxed e-con e-parent\" data-id=\"b42f843\" data-element_type=\"container\">\n\t\t\t\t\t<div class=\"e-con-inner\">\n\t\t\t\t<div class=\"elementor-element elementor-element-7d7e80d elementor-widget elementor-widget-heading\" data-id=\"7d7e80d\" data-element_type=\"widget\" data-widget_type=\"heading.default\">\n\t\t\t\t\t<h2 class=\"elementor-heading-title elementor-size-default\">3. Interventions mensuelles<\/h2>\t\t\t\t<\/div>\n\t\t\t\t<div class=\"elementor-element elementor-element-44f1a51 elementor-widget elementor-widget-text-editor\" data-id=\"44f1a51\" data-element_type=\"widget\" data-widget_type=\"text-editor.default\">\n\t\t\t\t\t\t\t\t\t<p>Objectif : analyser ensemble les tableaux de suivi et de pilotage<\/p>\t\t\t\t\t\t\t\t<\/div>\n\t\t\t\t<div class=\"elementor-element elementor-element-4784d2f elementor-widget elementor-widget-text-editor\" data-id=\"4784d2f\" data-element_type=\"widget\" data-widget_type=\"text-editor.default\">\n\t\t\t\t\t\t\t\t\t<p>Moyens : suivi, r\u00e9cup\u00e9ration des \u00e9critures comptables, \u00e9tablissement des \u00e9l\u00e9ments, RDV mensuel<\/p>\t\t\t\t\t\t\t\t<\/div>\n\t\t\t\t\t<\/div>\n\t\t\t\t<\/div>\n\t\t<div class=\"elementor-element elementor-element-3b459e9 e-flex e-con-boxed e-con e-parent\" data-id=\"3b459e9\" data-element_type=\"container\">\n\t\t\t\t\t<div class=\"e-con-inner\">\n\t\t\t\t<div class=\"elementor-element elementor-element-76267eb elementor-widget-divider--view-line elementor-widget elementor-widget-divider\" data-id=\"76267eb\" data-element_type=\"widget\" data-widget_type=\"divider.default\">\n\t\t\t\t\t\t\t<div class=\"elementor-divider\">\n\t\t\t<span class=\"elementor-divider-separator\">\n\t\t\t\t\t\t<\/span>\n\t\t<\/div>\n\t\t\t\t\t\t<\/div>\n\t\t\t\t\t<\/div>\n\t\t\t\t<\/div>\n\t\t<div class=\"elementor-element elementor-element-b5ab60a e-flex e-con-boxed e-con e-parent\" data-id=\"b5ab60a\" data-element_type=\"container\">\n\t\t\t\t\t<div class=\"e-con-inner\">\n\t\t\t\t<div class=\"elementor-element elementor-element-caaf6c2 elementor-widget elementor-widget-heading\" data-id=\"caaf6c2\" data-element_type=\"widget\" data-widget_type=\"heading.default\">\n\t\t\t\t\t<h2 class=\"elementor-heading-title elementor-size-default\"><a href=\"https:\/\/myriamblouet.com\/wp-content\/uploads\/2026\/02\/Plaquette-DAF-Myriam-Blouet-5.pdf\">Plaquette t\u00e9l\u00e9chargeable<\/a><\/h2>\t\t\t\t<\/div>\n\t\t\t\t\t<\/div>\n\t\t\t\t<\/div>\n\t\t<div class=\"elementor-element elementor-element-cb5094d e-flex e-con-boxed e-con e-parent\" data-id=\"cb5094d\" data-element_type=\"container\">\n\t\t\t\t\t<div class=\"e-con-inner\">\n\t\t\t\t<div class=\"elementor-element elementor-element-5c3c003 elementor-widget-divider--view-line elementor-widget elementor-widget-divider\" data-id=\"5c3c003\" data-element_type=\"widget\" data-widget_type=\"divider.default\">\n\t\t\t\t\t\t\t<div class=\"elementor-divider\">\n\t\t\t<span class=\"elementor-divider-separator\">\n\t\t\t\t\t\t<\/span>\n\t\t<\/div>\n\t\t\t\t\t\t<\/div>\n\t\t\t\t\t<\/div>\n\t\t\t\t<\/div>\n\t\t<div class=\"elementor-element elementor-element-8016ca2 e-flex e-con-boxed e-con e-parent\" data-id=\"8016ca2\" data-element_type=\"container\">\n\t\t\t\t\t<div class=\"e-con-inner\">\n\t\t<div class=\"elementor-element elementor-element-78e05bf e-con-full e-flex e-con e-child\" data-id=\"78e05bf\" data-element_type=\"container\">\n\t\t\t\t<\/div>\n\t\t<div class=\"elementor-element elementor-element-2d8f5ba e-con-full e-flex e-con e-child\" data-id=\"2d8f5ba\" data-element_type=\"container\">\n\t\t\t\t<div class=\"elementor-element elementor-element-1379fe8 elementor-widget elementor-widget-text-editor\" data-id=\"1379fe8\" data-element_type=\"widget\" data-widget_type=\"text-editor.default\">\n\t\t\t\t\t\t\t\t\t<p>Je reste \u00e0 votre \u00e9coute pour ajuster mon offre \u00e0 vos besoins et vous conseiller pour un partenariat optimal.<\/p>\t\t\t\t\t\t\t\t<\/div>\n\t\t\t\t<div class=\"elementor-element elementor-element-eaac31a elementor-align-center elementor-widget elementor-widget-button\" data-id=\"eaac31a\" data-element_type=\"widget\" data-widget_type=\"button.default\">\n\t\t\t\t\t\t\t\t\t\t<a class=\"elementor-button elementor-button-link elementor-size-sm\" href=\"https:\/\/calendly.com\/daf-myriamblouet\/30min\" target=\"_blank\">\n\t\t\t\t\t\t<span class=\"elementor-button-content-wrapper\">\n\t\t\t\t\t\t\t\t\t<span class=\"elementor-button-text\">R\u00e9server un rdv<\/span>\n\t\t\t\t\t<\/span>\n\t\t\t\t\t<\/a>\n\t\t\t\t\t\t\t\t<\/div>\n\t\t\t\t<\/div>\n\t\t<div class=\"elementor-element elementor-element-4b46976 e-con-full e-flex e-con e-child\" data-id=\"4b46976\" data-element_type=\"container\">\n\t\t\t\t<div class=\"elementor-element elementor-element-358bc12 elementor-widget elementor-widget-image\" data-id=\"358bc12\" data-element_type=\"widget\" data-widget_type=\"image.default\">\n\t\t\t\t\t\t\t\t\t\t\t\t\t\t\t<img decoding=\"async\" width=\"250\" height=\"300\" src=\"https:\/\/myriamblouet.com\/wp-content\/uploads\/2025\/10\/Site-Myriam-Blouet-5-250x300.jpg\" class=\"attachment-medium size-medium wp-image-208\" alt=\"directeur administratif et financier\" srcset=\"https:\/\/myriamblouet.com\/wp-content\/uploads\/2025\/10\/Site-Myriam-Blouet-5-250x300.jpg 250w, https:\/\/myriamblouet.com\/wp-content\/uploads\/2025\/10\/Site-Myriam-Blouet-5-852x1024.jpg 852w, https:\/\/myriamblouet.com\/wp-content\/uploads\/2025\/10\/Site-Myriam-Blouet-5-768x923.jpg 768w, https:\/\/myriamblouet.com\/wp-content\/uploads\/2025\/10\/Site-Myriam-Blouet-5.jpg 899w\" sizes=\"(max-width: 250px) 100vw, 250px\" \/>\t\t\t\t\t\t\t\t\t\t\t\t\t\t\t<\/div>\n\t\t\t\t<\/div>\n\t\t<div class=\"elementor-element elementor-element-f08b0b1 e-con-full e-flex e-con e-child\" data-id=\"f08b0b1\" data-element_type=\"container\">\n\t\t\t\t<\/div>\n\t\t\t\t\t<\/div>\n\t\t\t\t<\/div>\n\t\t\t\t<\/div>\n\t\t","protected":false},"excerpt":{"rendered":"<p>Offre Comment allons-nous proc\u00e9der ? 1. Diagnostic &#8211; offert Objectif : optimiser mon intervention par rapport \u00e0 vos objectifs Moyens : clarifier vos besoins 2. Mise en place Objectif : mise en place des outils, d\u00e9finition des indicateurs et KPI&rsquo;s Moyens : param\u00e9trages logiciels, cr\u00e9ation des tableaux de bord, analyse comptabilit\u00e9 N et N-1 3. [&hellip;]<\/p>\n","protected":false},"author":1,"featured_media":343,"parent":0,"menu_order":0,"comment_status":"closed","ping_status":"closed","template":"","meta":{"footnotes":""},"class_list":["post-333","page","type-page","status-publish","has-post-thumbnail","hentry"],"yoast_head":"<!-- This site is optimized with the Yoast SEO plugin v26.0 - https:\/\/yoast.com\/wordpress\/plugins\/seo\/ -->\n<title>Mon offre - Myriam Blouet<\/title>\n<meta name=\"description\" content=\"Mon offre de consulting DAF externalis\u00e9 en d\u00e9tail, pour que vous puissiez avoir toutes les cl\u00e9s en main pour d\u00e9cider.\" \/>\n<meta name=\"robots\" content=\"index, follow, max-snippet:-1, max-image-preview:large, max-video-preview:-1\" \/>\n<link rel=\"canonical\" href=\"https:\/\/myriamblouet.com\/index.php\/mon-offre-daf-externalise\/\" \/>\n<meta property=\"og:locale\" content=\"fr_FR\" \/>\n<meta property=\"og:type\" content=\"article\" \/>\n<meta property=\"og:title\" content=\"Mon offre - Myriam Blouet\" \/>\n<meta property=\"og:description\" content=\"Mon offre de consulting DAF externalis\u00e9 en d\u00e9tail, pour que vous puissiez avoir toutes les cl\u00e9s en main pour d\u00e9cider.\" \/>\n<meta property=\"og:url\" content=\"https:\/\/myriamblouet.com\/index.php\/mon-offre-daf-externalise\/\" \/>\n<meta property=\"og:site_name\" content=\"Myriam Blouet\" \/>\n<meta property=\"article:modified_time\" content=\"2026-03-10T14:12:42+00:00\" \/>\n<meta property=\"og:image\" content=\"https:\/\/myriamblouet.com\/wp-content\/uploads\/2025\/10\/Plaquette-DAF-Myriam-Blouet-1-scaled.jpg\" \/>\n\t<meta property=\"og:image:width\" content=\"2043\" \/>\n\t<meta property=\"og:image:height\" content=\"2560\" \/>\n\t<meta property=\"og:image:type\" content=\"image\/jpeg\" \/>\n<meta name=\"twitter:card\" content=\"summary_large_image\" \/>\n<meta name=\"twitter:label1\" content=\"Dur\u00e9e de lecture estim\u00e9e\" \/>\n\t<meta name=\"twitter:data1\" content=\"1 minute\" \/>\n<script type=\"application\/ld+json\" class=\"yoast-schema-graph\">{\"@context\":\"https:\/\/schema.org\",\"@graph\":[{\"@type\":\"WebPage\",\"@id\":\"https:\/\/myriamblouet.com\/index.php\/mon-offre-daf-externalise\/\",\"url\":\"https:\/\/myriamblouet.com\/index.php\/mon-offre-daf-externalise\/\",\"name\":\"Mon offre - Myriam Blouet\",\"isPartOf\":{\"@id\":\"https:\/\/myriamblouet.com\/#website\"},\"primaryImageOfPage\":{\"@id\":\"https:\/\/myriamblouet.com\/index.php\/mon-offre-daf-externalise\/#primaryimage\"},\"image\":{\"@id\":\"https:\/\/myriamblouet.com\/index.php\/mon-offre-daf-externalise\/#primaryimage\"},\"thumbnailUrl\":\"https:\/\/myriamblouet.com\/wp-content\/uploads\/2025\/10\/Plaquette-DAF-Myriam-Blouet-1-scaled.jpg\",\"datePublished\":\"2025-10-03T09:38:23+00:00\",\"dateModified\":\"2026-03-10T14:12:42+00:00\",\"description\":\"Mon offre de consulting DAF externalis\u00e9 en d\u00e9tail, pour que vous puissiez avoir toutes les cl\u00e9s en main pour d\u00e9cider.\",\"breadcrumb\":{\"@id\":\"https:\/\/myriamblouet.com\/index.php\/mon-offre-daf-externalise\/#breadcrumb\"},\"inLanguage\":\"fr-FR\",\"potentialAction\":[{\"@type\":\"ReadAction\",\"target\":[\"https:\/\/myriamblouet.com\/index.php\/mon-offre-daf-externalise\/\"]}]},{\"@type\":\"ImageObject\",\"inLanguage\":\"fr-FR\",\"@id\":\"https:\/\/myriamblouet.com\/index.php\/mon-offre-daf-externalise\/#primaryimage\",\"url\":\"https:\/\/myriamblouet.com\/wp-content\/uploads\/2025\/10\/Plaquette-DAF-Myriam-Blouet-1-scaled.jpg\",\"contentUrl\":\"https:\/\/myriamblouet.com\/wp-content\/uploads\/2025\/10\/Plaquette-DAF-Myriam-Blouet-1-scaled.jpg\",\"width\":2043,\"height\":2560,\"caption\":\"Plaquette DAF Myriam Blouet - 2\"},{\"@type\":\"BreadcrumbList\",\"@id\":\"https:\/\/myriamblouet.com\/index.php\/mon-offre-daf-externalise\/#breadcrumb\",\"itemListElement\":[{\"@type\":\"ListItem\",\"position\":1,\"name\":\"Accueil\",\"item\":\"https:\/\/myriamblouet.com\/\"},{\"@type\":\"ListItem\",\"position\":2,\"name\":\"Mon offre\"}]},{\"@type\":\"WebSite\",\"@id\":\"https:\/\/myriamblouet.com\/#website\",\"url\":\"https:\/\/myriamblouet.com\/\",\"name\":\"Myriam Blouet\",\"description\":\"Myriam Blouet Consulting\",\"publisher\":{\"@id\":\"https:\/\/myriamblouet.com\/#organization\"},\"potentialAction\":[{\"@type\":\"SearchAction\",\"target\":{\"@type\":\"EntryPoint\",\"urlTemplate\":\"https:\/\/myriamblouet.com\/?s={search_term_string}\"},\"query-input\":{\"@type\":\"PropertyValueSpecification\",\"valueRequired\":true,\"valueName\":\"search_term_string\"}}],\"inLanguage\":\"fr-FR\"},{\"@type\":\"Organization\",\"@id\":\"https:\/\/myriamblouet.com\/#organization\",\"name\":\"Myriam Blouet\",\"url\":\"https:\/\/myriamblouet.com\/\",\"logo\":{\"@type\":\"ImageObject\",\"inLanguage\":\"fr-FR\",\"@id\":\"https:\/\/myriamblouet.com\/#\/schema\/logo\/image\/\",\"url\":\"https:\/\/myriamblouet.com\/wp-content\/uploads\/2025\/09\/Site-Myriam-Blouet-4.jpg\",\"contentUrl\":\"https:\/\/myriamblouet.com\/wp-content\/uploads\/2025\/09\/Site-Myriam-Blouet-4.jpg\",\"width\":1080,\"height\":556,\"caption\":\"Myriam Blouet\"},\"image\":{\"@id\":\"https:\/\/myriamblouet.com\/#\/schema\/logo\/image\/\"}}]}<\/script>\n<!-- \/ Yoast SEO plugin. -->","yoast_head_json":{"title":"Mon offre - Myriam Blouet","description":"Mon offre de consulting DAF externalis\u00e9 en d\u00e9tail, pour que vous puissiez avoir toutes les cl\u00e9s en main pour d\u00e9cider.","robots":{"index":"index","follow":"follow","max-snippet":"max-snippet:-1","max-image-preview":"max-image-preview:large","max-video-preview":"max-video-preview:-1"},"canonical":"https:\/\/myriamblouet.com\/index.php\/mon-offre-daf-externalise\/","og_locale":"fr_FR","og_type":"article","og_title":"Mon offre - Myriam Blouet","og_description":"Mon offre de consulting DAF externalis\u00e9 en d\u00e9tail, pour que vous puissiez avoir toutes les cl\u00e9s en main pour d\u00e9cider.","og_url":"https:\/\/myriamblouet.com\/index.php\/mon-offre-daf-externalise\/","og_site_name":"Myriam Blouet","article_modified_time":"2026-03-10T14:12:42+00:00","og_image":[{"width":2043,"height":2560,"url":"https:\/\/myriamblouet.com\/wp-content\/uploads\/2025\/10\/Plaquette-DAF-Myriam-Blouet-1-scaled.jpg","type":"image\/jpeg"}],"twitter_card":"summary_large_image","twitter_misc":{"Dur\u00e9e de lecture estim\u00e9e":"1 minute"},"schema":{"@context":"https:\/\/schema.org","@graph":[{"@type":"WebPage","@id":"https:\/\/myriamblouet.com\/index.php\/mon-offre-daf-externalise\/","url":"https:\/\/myriamblouet.com\/index.php\/mon-offre-daf-externalise\/","name":"Mon offre - Myriam Blouet","isPartOf":{"@id":"https:\/\/myriamblouet.com\/#website"},"primaryImageOfPage":{"@id":"https:\/\/myriamblouet.com\/index.php\/mon-offre-daf-externalise\/#primaryimage"},"image":{"@id":"https:\/\/myriamblouet.com\/index.php\/mon-offre-daf-externalise\/#primaryimage"},"thumbnailUrl":"https:\/\/myriamblouet.com\/wp-content\/uploads\/2025\/10\/Plaquette-DAF-Myriam-Blouet-1-scaled.jpg","datePublished":"2025-10-03T09:38:23+00:00","dateModified":"2026-03-10T14:12:42+00:00","description":"Mon offre de consulting DAF externalis\u00e9 en d\u00e9tail, pour que vous puissiez avoir toutes les cl\u00e9s en main pour d\u00e9cider.","breadcrumb":{"@id":"https:\/\/myriamblouet.com\/index.php\/mon-offre-daf-externalise\/#breadcrumb"},"inLanguage":"fr-FR","potentialAction":[{"@type":"ReadAction","target":["https:\/\/myriamblouet.com\/index.php\/mon-offre-daf-externalise\/"]}]},{"@type":"ImageObject","inLanguage":"fr-FR","@id":"https:\/\/myriamblouet.com\/index.php\/mon-offre-daf-externalise\/#primaryimage","url":"https:\/\/myriamblouet.com\/wp-content\/uploads\/2025\/10\/Plaquette-DAF-Myriam-Blouet-1-scaled.jpg","contentUrl":"https:\/\/myriamblouet.com\/wp-content\/uploads\/2025\/10\/Plaquette-DAF-Myriam-Blouet-1-scaled.jpg","width":2043,"height":2560,"caption":"Plaquette DAF Myriam Blouet - 2"},{"@type":"BreadcrumbList","@id":"https:\/\/myriamblouet.com\/index.php\/mon-offre-daf-externalise\/#breadcrumb","itemListElement":[{"@type":"ListItem","position":1,"name":"Accueil","item":"https:\/\/myriamblouet.com\/"},{"@type":"ListItem","position":2,"name":"Mon offre"}]},{"@type":"WebSite","@id":"https:\/\/myriamblouet.com\/#website","url":"https:\/\/myriamblouet.com\/","name":"Myriam Blouet","description":"Myriam Blouet Consulting","publisher":{"@id":"https:\/\/myriamblouet.com\/#organization"},"potentialAction":[{"@type":"SearchAction","target":{"@type":"EntryPoint","urlTemplate":"https:\/\/myriamblouet.com\/?s={search_term_string}"},"query-input":{"@type":"PropertyValueSpecification","valueRequired":true,"valueName":"search_term_string"}}],"inLanguage":"fr-FR"},{"@type":"Organization","@id":"https:\/\/myriamblouet.com\/#organization","name":"Myriam Blouet","url":"https:\/\/myriamblouet.com\/","logo":{"@type":"ImageObject","inLanguage":"fr-FR","@id":"https:\/\/myriamblouet.com\/#\/schema\/logo\/image\/","url":"https:\/\/myriamblouet.com\/wp-content\/uploads\/2025\/09\/Site-Myriam-Blouet-4.jpg","contentUrl":"https:\/\/myriamblouet.com\/wp-content\/uploads\/2025\/09\/Site-Myriam-Blouet-4.jpg","width":1080,"height":556,"caption":"Myriam Blouet"},"image":{"@id":"https:\/\/myriamblouet.com\/#\/schema\/logo\/image\/"}}]}},"_links":{"self":[{"href":"https:\/\/myriamblouet.com\/index.php\/wp-json\/wp\/v2\/pages\/333","targetHints":{"allow":["GET"]}}],"collection":[{"href":"https:\/\/myriamblouet.com\/index.php\/wp-json\/wp\/v2\/pages"}],"about":[{"href":"https:\/\/myriamblouet.com\/index.php\/wp-json\/wp\/v2\/types\/page"}],"author":[{"embeddable":true,"href":"https:\/\/myriamblouet.com\/index.php\/wp-json\/wp\/v2\/users\/1"}],"replies":[{"embeddable":true,"href":"https:\/\/myriamblouet.com\/index.php\/wp-json\/wp\/v2\/comments?post=333"}],"version-history":[{"count":84,"href":"https:\/\/myriamblouet.com\/index.php\/wp-json\/wp\/v2\/pages\/333\/revisions"}],"predecessor-version":[{"id":599,"href":"https:\/\/myriamblouet.com\/index.php\/wp-json\/wp\/v2\/pages\/333\/revisions\/599"}],"wp:featuredmedia":[{"embeddable":true,"href":"https:\/\/myriamblouet.com\/index.php\/wp-json\/wp\/v2\/media\/343"}],"wp:attachment":[{"href":"https:\/\/myriamblouet.com\/index.php\/wp-json\/wp\/v2\/media?parent=333"}],"curies":[{"name":"wp","href":"https:\/\/api.w.org\/{rel}","templated":true}]}}